{"id":256,"date":"2021-02-20T16:31:14","date_gmt":"2021-02-20T16:31:14","guid":{"rendered":"http:\/\/czechorigins.com\/?page_id=256"},"modified":"2021-03-30T08:19:27","modified_gmt":"2021-03-30T08:19:27","slug":"virtual-tours","status":"publish","type":"page","link":"https:\/\/czechorigins.com\/cs\/virtual-tours\/","title":{"rendered":"Virt\u00e1ln\u00ed prohl\u00eddka \n(zat\u00edm pouze pro zahrani\u010dn\u00ed z\u00e1kazn\u00edky)"},"content":{"rendered":"<div data-elementor-type=\"wp-page\" data-elementor-id=\"256\" class=\"elementor elementor-256\">\n\t\t\t\t\t\t<section class=\"elementor-section elementor-top-section elementor-element elementor-element-389063e elementor-section-boxed elementor-section-height-default elementor-section-height-default\" data-id=\"389063e\" data-element_type=\"section\">\n\t\t\t\t\t\t<div class=\"elementor-container elementor-column-gap-default\">\n\t\t\t\t\t<div class=\"elementor-column elementor-col-66 elementor-top-column elementor-element elementor-element-9859432\" data-id=\"9859432\" data-element_type=\"column\">\n\t\t\t<div class=\"elementor-widget-wrap elementor-element-populated\">\n\t\t\t\t\t\t<div class=\"elementor-element elementor-element-8a319d2 elementor-widget elementor-widget-heading\" data-id=\"8a319d2\" data-element_type=\"widget\" data-widget_type=\"heading.default\">\n\t\t\t\t<div class=\"elementor-widget-container\">\n\t\t\t<h1 class=\"elementor-heading-title elementor-size-default\">Virt\u00e1ln\u00ed prohl\u00eddka \n(zat\u00edm pouze pro zahrani\u010dn\u00ed z\u00e1kazn\u00edky)<\/h1>\t\t<\/div>\n\t\t\t\t<\/div>\n\t\t\t\t\t<\/div>\n\t\t<\/div>\n\t\t\t\t<div class=\"elementor-column elementor-col-33 elementor-top-column elementor-element elementor-element-8ce630a\" data-id=\"8ce630a\" data-element_type=\"column\">\n\t\t\t<div class=\"elementor-widget-wrap\">\n\t\t\t\t\t\t\t<\/div>\n\t\t<\/div>\n\t\t\t\t\t<\/div>\n\t\t<\/section>\n\t\t\t\t<section class=\"elementor-section elementor-top-section elementor-element elementor-element-3b83718 elementor-section-boxed elementor-section-height-default elementor-section-height-default\" data-id=\"3b83718\" data-element_type=\"section\" data-settings=\"{&quot;background_background&quot;:&quot;classic&quot;}\">\n\t\t\t\t\t\t<div class=\"elementor-container elementor-column-gap-default\">\n\t\t\t\t\t<div class=\"elementor-column elementor-col-66 elementor-top-column elementor-element elementor-element-00d1f64\" data-id=\"00d1f64\" data-element_type=\"column\">\n\t\t\t<div class=\"elementor-widget-wrap elementor-element-populated\">\n\t\t\t\t\t\t<div class=\"elementor-element elementor-element-da75274 elementor-widget elementor-widget-image\" data-id=\"da75274\" data-element_type=\"widget\" data-widget_type=\"image.default\">\n\t\t\t\t<div class=\"elementor-widget-container\">\n\t\t\t\t\t\t\t\t\t\t\t\t\t<img fetchpriority=\"high\" decoding=\"async\" width=\"1024\" height=\"683\" src=\"https:\/\/czechorigins.com\/wp-content\/uploads\/2021\/02\/house-2583378_1920-1024x683.jpg\" class=\"attachment-large size-large wp-image-306\" alt=\"Abandoned bohemian house\" srcset=\"https:\/\/czechorigins.com\/wp-content\/uploads\/2021\/02\/house-2583378_1920-1024x683.jpg 1024w, https:\/\/czechorigins.com\/wp-content\/uploads\/2021\/02\/house-2583378_1920-300x200.jpg 300w, https:\/\/czechorigins.com\/wp-content\/uploads\/2021\/02\/house-2583378_1920-768x512.jpg 768w, https:\/\/czechorigins.com\/wp-content\/uploads\/2021\/02\/house-2583378_1920-1536x1024.jpg 1536w, https:\/\/czechorigins.com\/wp-content\/uploads\/2021\/02\/house-2583378_1920-16x12.jpg 16w, https:\/\/czechorigins.com\/wp-content\/uploads\/2021\/02\/house-2583378_1920-930x620.jpg 930w, https:\/\/czechorigins.com\/wp-content\/uploads\/2021\/02\/house-2583378_1920.jpg 1920w\" sizes=\"(max-width: 1024px) 100vw, 1024px\" \/>\t\t\t\t\t\t\t\t\t\t\t\t\t<\/div>\n\t\t\t\t<\/div>\n\t\t\t\t\t<\/div>\n\t\t<\/div>\n\t\t\t\t<div class=\"elementor-column elementor-col-33 elementor-top-column elementor-element elementor-element-021be2f\" data-id=\"021be2f\" data-element_type=\"column\">\n\t\t\t<div class=\"elementor-widget-wrap elementor-element-populated\">\n\t\t\t\t\t\t<div class=\"elementor-element elementor-element-0c186eb elementor-widget elementor-widget-heading\" data-id=\"0c186eb\" data-element_type=\"widget\" data-widget_type=\"heading.default\">\n\t\t\t\t<div class=\"elementor-widget-container\">\n\t\t\t<h2 class=\"elementor-heading-title elementor-size-default\">Discover places of your ancestors from your home<\/h2>\t\t<\/div>\n\t\t\t\t<\/div>\n\t\t\t\t<div class=\"elementor-element elementor-element-5a98923 elementor-widget elementor-widget-text-editor\" data-id=\"5a98923\" data-element_type=\"widget\" data-widget_type=\"text-editor.default\">\n\t\t\t\t<div class=\"elementor-widget-container\">\n\t\t\t\t\t\t\t<p>In order to discover and understand the lives of our ancestors, it is best to visit the places where they lived. Sometimes, due to travel restrictions or just because of the long distance, it is impossible to visit those places where family history has been written.<\/p><p>That is why we are offering you to visit those places through a video tour. That way you can look for traces of the everyday lives of your ancestors right in their village\/town.<\/p><p><strong>We recommend this service as an addition to our regular genealogical research.<\/strong><\/p>\t\t\t\t\t\t<\/div>\n\t\t\t\t<\/div>\n\t\t\t\t\t<\/div>\n\t\t<\/div>\n\t\t\t\t\t<\/div>\n\t\t<\/section>\n\t\t\t\t<section class=\"elementor-section elementor-top-section elementor-element elementor-element-f4477ca elementor-section-boxed elementor-section-height-default elementor-section-height-default\" data-id=\"f4477ca\" data-element_type=\"section\">\n\t\t\t\t\t\t<div class=\"elementor-container elementor-column-gap-default\">\n\t\t\t\t\t<div class=\"elementor-column elementor-col-66 elementor-top-column elementor-element elementor-element-d7f0859\" data-id=\"d7f0859\" data-element_type=\"column\">\n\t\t\t<div class=\"elementor-widget-wrap elementor-element-populated\">\n\t\t\t\t\t\t<div class=\"elementor-element elementor-element-1deb0b1 elementor-widget elementor-widget-heading\" data-id=\"1deb0b1\" data-element_type=\"widget\" data-widget_type=\"heading.default\">\n\t\t\t\t<div class=\"elementor-widget-container\">\n\t\t\t<h2 class=\"elementor-heading-title elementor-size-default\">Choose your places<\/h2>\t\t<\/div>\n\t\t\t\t<\/div>\n\t\t\t\t<div class=\"elementor-element elementor-element-c35af93 elementor-widget elementor-widget-text-editor\" data-id=\"c35af93\" data-element_type=\"widget\" data-widget_type=\"text-editor.default\">\n\t\t\t\t<div class=\"elementor-widget-container\">\n\t\t\t\t\t\t\t<p>We can visit any place you want and look for (almost) <b>everything. <\/b>&nbsp;For example, we can take photos of gravestones on local cemeteries, report if the old family house still stands, or document the current state of the village.<\/p>\n<p>Looking for those &#8220;traces&#8221; can be somewhat tricky because you cannot be prepared for anything. Sometimes some clues you were expecting to find are missing but you can discover something else instead.<\/p>\n<p>We will always stay in touch during this type of research.<\/p>\t\t\t\t\t\t<\/div>\n\t\t\t\t<\/div>\n\t\t\t\t\t<\/div>\n\t\t<\/div>\n\t\t\t\t<div class=\"elementor-column elementor-col-33 elementor-top-column elementor-element elementor-element-423689c\" data-id=\"423689c\" data-element_type=\"column\">\n\t\t\t<div class=\"elementor-widget-wrap elementor-element-populated\">\n\t\t\t\t\t\t<div class=\"elementor-element elementor-element-e4d69d4 elementor-widget elementor-widget-image\" data-id=\"e4d69d4\" data-element_type=\"widget\" data-widget_type=\"image.default\">\n\t\t\t\t<div class=\"elementor-widget-container\">\n\t\t\t\t\t\t\t\t\t\t\t\t\t<img decoding=\"async\" width=\"768\" height=\"1024\" src=\"https:\/\/czechorigins.com\/wp-content\/uploads\/2021\/02\/IMG_20200902_130722-768x1024.jpg\" class=\"attachment-large size-large wp-image-315\" alt=\"Moravian-family-Gravestone\" srcset=\"https:\/\/czechorigins.com\/wp-content\/uploads\/2021\/02\/IMG_20200902_130722-768x1024.jpg 768w, https:\/\/czechorigins.com\/wp-content\/uploads\/2021\/02\/IMG_20200902_130722-225x300.jpg 225w, https:\/\/czechorigins.com\/wp-content\/uploads\/2021\/02\/IMG_20200902_130722-1152x1536.jpg 1152w, https:\/\/czechorigins.com\/wp-content\/uploads\/2021\/02\/IMG_20200902_130722-1536x2048.jpg 1536w, https:\/\/czechorigins.com\/wp-content\/uploads\/2021\/02\/IMG_20200902_130722-9x12.jpg 9w, https:\/\/czechorigins.com\/wp-content\/uploads\/2021\/02\/IMG_20200902_130722-scaled.jpg 1920w\" sizes=\"(max-width: 768px) 100vw, 768px\" \/>\t\t\t\t\t\t\t\t\t\t\t\t\t<\/div>\n\t\t\t\t<\/div>\n\t\t\t\t\t<\/div>\n\t\t<\/div>\n\t\t\t\t\t<\/div>\n\t\t<\/section>\n\t\t\t\t<section class=\"elementor-section elementor-top-section elementor-element elementor-element-6b1e9a4 elementor-section-boxed elementor-section-height-default elementor-section-height-default\" data-id=\"6b1e9a4\" data-element_type=\"section\" data-settings=\"{&quot;background_background&quot;:&quot;classic&quot;}\">\n\t\t\t\t\t\t<div class=\"elementor-container elementor-column-gap-default\">\n\t\t\t\t\t<div class=\"elementor-column elementor-col-100 elementor-top-column elementor-element elementor-element-907c479\" data-id=\"907c479\" data-element_type=\"column\">\n\t\t\t<div class=\"elementor-widget-wrap elementor-element-populated\">\n\t\t\t\t\t\t<div class=\"elementor-element elementor-element-c2cc793 elementor-widget elementor-widget-heading\" data-id=\"c2cc793\" data-element_type=\"widget\" data-widget_type=\"heading.default\">\n\t\t\t\t<div class=\"elementor-widget-container\">\n\t\t\t<h2 class=\"elementor-heading-title elementor-size-default\">Jste p\u0159ipraveni objevit Va\u0161i rodinnou historii?<\/h2>\t\t<\/div>\n\t\t\t\t<\/div>\n\t\t\t\t<div class=\"elementor-element elementor-element-e59c25c elementor-widget elementor-widget-text-editor\" data-id=\"e59c25c\" data-element_type=\"widget\" data-widget_type=\"text-editor.default\">\n\t\t\t\t<div class=\"elementor-widget-container\">\n\t\t\t\t\t\t\t<p>Kontaktujte n\u00e1s a my v\u00e1m za\u0161leme detailn\u00ed cenu a zodpov\u00edme p\u0159\u00edpadn\u00e9 ot\u00e1zky. Ka\u017ed\u00fd objedn\u00e1vky m\u016f\u017ee b\u00fdt p\u0159izp\u016fsobena p\u0159\u00e1n\u00edm a mo\u017enostem z\u00e1kazn\u00edka.<\/p>\t\t\t\t\t\t<\/div>\n\t\t\t\t<\/div>\n\t\t\t\t<div class=\"elementor-element elementor-element-c41e788 elementor-align-center elementor-mobile-align-justify elementor-widget elementor-widget-button\" data-id=\"c41e788\" data-element_type=\"widget\" data-widget_type=\"button.default\">\n\t\t\t\t<div class=\"elementor-widget-container\">\n\t\t\t\t\t<div class=\"elementor-button-wrapper\">\n\t\t\t<a class=\"elementor-button elementor-button-link elementor-size-lg\" href=\"https:\/\/czechorigins.com\/cs\/contact\/\">\n\t\t\t\t\t\t<span class=\"elementor-button-content-wrapper\">\n\t\t\t\t\t\t\t\t\t<span class=\"elementor-button-text\">Kontaktujte n\u00e1s<\/span>\n\t\t\t\t\t<\/span>\n\t\t\t\t\t<\/a>\n\t\t<\/div>\n\t\t\t\t<\/div>\n\t\t\t\t<\/div>\n\t\t\t\t\t<\/div>\n\t\t<\/div>\n\t\t\t\t\t<\/div>\n\t\t<\/section>\n\t\t\t\t<\/div>","protected":false},"excerpt":{"rendered":"<p>Virtual Tours Discover places of your ancestors from your home In order to discover and understand the lives of our ancestors, it is best to visit the places where they lived. Sometimes, due to travel restrictions or just because of the long distance, it is impossible to visit those places where family history has been&hellip;&nbsp;<a href=\"https:\/\/czechorigins.com\/cs\/virtual-tours\/\" class=\"\" rel=\"bookmark\">\u010c\u00edst d\u00e1le &raquo;<span class=\"screen-reader-text\">Virt\u00e1ln\u00ed prohl\u00eddka \n(zat\u00edm pouze pro zahrani\u010dn\u00ed z\u00e1kazn\u00edky)<\/span><\/a><\/p>","protected":false},"author":1,"featured_media":0,"parent":0,"menu_order":0,"comment_status":"closed","ping_status":"closed","template":"page-templates\/template-pagebuilder-full-width.php","meta":{"neve_meta_sidebar":"full-width","neve_meta_container":"","neve_meta_enable_content_width":"on","neve_meta_content_width":100,"neve_meta_title_alignment":"","neve_meta_author_avatar":"","neve_post_elements_order":"","neve_meta_disable_header":"","neve_meta_disable_footer":"","neve_meta_disable_title":"","_ti_tpc_template_sync":false,"_ti_tpc_template_id":"","footnotes":""},"yoast_head":"<!-- This site is optimized with the Yoast SEO plugin v23.0 - https:\/\/yoast.com\/wordpress\/plugins\/seo\/ -->\n<title>Virtual Tours - Czechorigins<\/title>\n<meta name=\"robots\" content=\"index, follow, max-snippet:-1, max-image-preview:large, max-video-preview:-1\" \/>\n<link rel=\"canonical\" href=\"https:\/\/czechorigins.com\/cs\/virtual-tours\/\" \/>\n<meta property=\"og:locale\" content=\"cs_CZ\" \/>\n<meta property=\"og:type\" content=\"article\" \/>\n<meta property=\"og:title\" content=\"Virtual Tours - Czechorigins\" \/>\n<meta property=\"og:description\" content=\"Virtual Tours Discover places of your ancestors from your home In order to discover and understand the lives of our ancestors, it is best to visit the places where they lived. Sometimes, due to travel restrictions or just because of the long distance, it is impossible to visit those places where family history has been&hellip;&nbsp;\u010c\u00edst d\u00e1le &raquo;Virtual Tours\" \/>\n<meta property=\"og:url\" content=\"https:\/\/czechorigins.com\/cs\/virtual-tours\/\" \/>\n<meta property=\"og:site_name\" content=\"Czechorigins\" \/>\n<meta property=\"article:modified_time\" content=\"2021-03-30T08:19:27+00:00\" \/>\n<meta property=\"og:image\" content=\"http:\/\/czechorigins.com\/wp-content\/uploads\/2021\/02\/house-2583378_1920-1024x683.jpg\" \/>\n<meta name=\"twitter:card\" content=\"summary_large_image\" \/>\n<meta name=\"twitter:label1\" content=\"Odhadovan\u00e1 doba \u010dten\u00ed\" \/>\n\t<meta name=\"twitter:data1\" content=\"2 minuty\" \/>\n<script type=\"application\/ld+json\" class=\"yoast-schema-graph\">{\"@context\":\"https:\/\/schema.org\",\"@graph\":[{\"@type\":\"WebPage\",\"@id\":\"https:\/\/czechorigins.com\/virtual-tours\/\",\"url\":\"https:\/\/czechorigins.com\/virtual-tours\/\",\"name\":\"Virtual Tours - Czechorigins\",\"isPartOf\":{\"@id\":\"https:\/\/czechorigins.com\/#website\"},\"primaryImageOfPage\":{\"@id\":\"https:\/\/czechorigins.com\/virtual-tours\/#primaryimage\"},\"image\":{\"@id\":\"https:\/\/czechorigins.com\/virtual-tours\/#primaryimage\"},\"thumbnailUrl\":\"http:\/\/czechorigins.com\/wp-content\/uploads\/2021\/02\/house-2583378_1920-1024x683.jpg\",\"datePublished\":\"2021-02-20T16:31:14+00:00\",\"dateModified\":\"2021-03-30T08:19:27+00:00\",\"breadcrumb\":{\"@id\":\"https:\/\/czechorigins.com\/virtual-tours\/#breadcrumb\"},\"inLanguage\":\"cs\",\"potentialAction\":[{\"@type\":\"ReadAction\",\"target\":[\"https:\/\/czechorigins.com\/virtual-tours\/\"]}]},{\"@type\":\"ImageObject\",\"inLanguage\":\"cs\",\"@id\":\"https:\/\/czechorigins.com\/virtual-tours\/#primaryimage\",\"url\":\"http:\/\/czechorigins.com\/wp-content\/uploads\/2021\/02\/house-2583378_1920-1024x683.jpg\",\"contentUrl\":\"http:\/\/czechorigins.com\/wp-content\/uploads\/2021\/02\/house-2583378_1920-1024x683.jpg\"},{\"@type\":\"BreadcrumbList\",\"@id\":\"https:\/\/czechorigins.com\/virtual-tours\/#breadcrumb\",\"itemListElement\":[{\"@type\":\"ListItem\",\"position\":1,\"name\":\"Home\",\"item\":\"https:\/\/czechorigins.com\/\"},{\"@type\":\"ListItem\",\"position\":2,\"name\":\"Virtual Tours\"}]},{\"@type\":\"WebSite\",\"@id\":\"https:\/\/czechorigins.com\/#website\",\"url\":\"https:\/\/czechorigins.com\/\",\"name\":\"Czechorigins\",\"description\":\"Discover your czech heritage\",\"publisher\":{\"@id\":\"https:\/\/czechorigins.com\/#organization\"},\"potentialAction\":[{\"@type\":\"SearchAction\",\"target\":{\"@type\":\"EntryPoint\",\"urlTemplate\":\"https:\/\/czechorigins.com\/?s={search_term_string}\"},\"query-input\":\"required name=search_term_string\"}],\"inLanguage\":\"cs\"},{\"@type\":\"Organization\",\"@id\":\"https:\/\/czechorigins.com\/#organization\",\"name\":\"Czechorigins\",\"url\":\"https:\/\/czechorigins.com\/\",\"logo\":{\"@type\":\"ImageObject\",\"inLanguage\":\"cs\",\"@id\":\"https:\/\/czechorigins.com\/#\/schema\/logo\/image\/\",\"url\":\"http:\/\/czechorigins.com\/wp-content\/uploads\/2021\/07\/cezchorigins.jpg\",\"contentUrl\":\"http:\/\/czechorigins.com\/wp-content\/uploads\/2021\/07\/cezchorigins.jpg\",\"width\":819,\"height\":819,\"caption\":\"Czechorigins\"},\"image\":{\"@id\":\"https:\/\/czechorigins.com\/#\/schema\/logo\/image\/\"}}]}<\/script>\n<!-- \/ Yoast SEO plugin. -->","yoast_head_json":{"title":"Virtual Tours - Czechorigins","robots":{"index":"index","follow":"follow","max-snippet":"max-snippet:-1","max-image-preview":"max-image-preview:large","max-video-preview":"max-video-preview:-1"},"canonical":"https:\/\/czechorigins.com\/cs\/virtual-tours\/","og_locale":"cs_CZ","og_type":"article","og_title":"Virtual Tours - Czechorigins","og_description":"Virtual Tours Discover places of your ancestors from your home In order to discover and understand the lives of our ancestors, it is best to visit the places where they lived. Sometimes, due to travel restrictions or just because of the long distance, it is impossible to visit those places where family history has been&hellip;&nbsp;\u010c\u00edst d\u00e1le &raquo;Virtual Tours","og_url":"https:\/\/czechorigins.com\/cs\/virtual-tours\/","og_site_name":"Czechorigins","article_modified_time":"2021-03-30T08:19:27+00:00","og_image":[{"url":"http:\/\/czechorigins.com\/wp-content\/uploads\/2021\/02\/house-2583378_1920-1024x683.jpg"}],"twitter_card":"summary_large_image","twitter_misc":{"Odhadovan\u00e1 doba \u010dten\u00ed":"2 minuty"},"schema":{"@context":"https:\/\/schema.org","@graph":[{"@type":"WebPage","@id":"https:\/\/czechorigins.com\/virtual-tours\/","url":"https:\/\/czechorigins.com\/virtual-tours\/","name":"Virtual Tours - Czechorigins","isPartOf":{"@id":"https:\/\/czechorigins.com\/#website"},"primaryImageOfPage":{"@id":"https:\/\/czechorigins.com\/virtual-tours\/#primaryimage"},"image":{"@id":"https:\/\/czechorigins.com\/virtual-tours\/#primaryimage"},"thumbnailUrl":"http:\/\/czechorigins.com\/wp-content\/uploads\/2021\/02\/house-2583378_1920-1024x683.jpg","datePublished":"2021-02-20T16:31:14+00:00","dateModified":"2021-03-30T08:19:27+00:00","breadcrumb":{"@id":"https:\/\/czechorigins.com\/virtual-tours\/#breadcrumb"},"inLanguage":"cs","potentialAction":[{"@type":"ReadAction","target":["https:\/\/czechorigins.com\/virtual-tours\/"]}]},{"@type":"ImageObject","inLanguage":"cs","@id":"https:\/\/czechorigins.com\/virtual-tours\/#primaryimage","url":"http:\/\/czechorigins.com\/wp-content\/uploads\/2021\/02\/house-2583378_1920-1024x683.jpg","contentUrl":"http:\/\/czechorigins.com\/wp-content\/uploads\/2021\/02\/house-2583378_1920-1024x683.jpg"},{"@type":"BreadcrumbList","@id":"https:\/\/czechorigins.com\/virtual-tours\/#breadcrumb","itemListElement":[{"@type":"ListItem","position":1,"name":"Home","item":"https:\/\/czechorigins.com\/"},{"@type":"ListItem","position":2,"name":"Virtual Tours"}]},{"@type":"WebSite","@id":"https:\/\/czechorigins.com\/#website","url":"https:\/\/czechorigins.com\/","name":"Czechorigins","description":"Discover your czech heritage","publisher":{"@id":"https:\/\/czechorigins.com\/#organization"},"potentialAction":[{"@type":"SearchAction","target":{"@type":"EntryPoint","urlTemplate":"https:\/\/czechorigins.com\/?s={search_term_string}"},"query-input":"required name=search_term_string"}],"inLanguage":"cs"},{"@type":"Organization","@id":"https:\/\/czechorigins.com\/#organization","name":"Czechorigins","url":"https:\/\/czechorigins.com\/","logo":{"@type":"ImageObject","inLanguage":"cs","@id":"https:\/\/czechorigins.com\/#\/schema\/logo\/image\/","url":"http:\/\/czechorigins.com\/wp-content\/uploads\/2021\/07\/cezchorigins.jpg","contentUrl":"http:\/\/czechorigins.com\/wp-content\/uploads\/2021\/07\/cezchorigins.jpg","width":819,"height":819,"caption":"Czechorigins"},"image":{"@id":"https:\/\/czechorigins.com\/#\/schema\/logo\/image\/"}}]}},"_links":{"self":[{"href":"https:\/\/czechorigins.com\/cs\/wp-json\/wp\/v2\/pages\/256"}],"collection":[{"href":"https:\/\/czechorigins.com\/cs\/wp-json\/wp\/v2\/pages"}],"about":[{"href":"https:\/\/czechorigins.com\/cs\/wp-json\/wp\/v2\/types\/page"}],"author":[{"embeddable":true,"href":"https:\/\/czechorigins.com\/cs\/wp-json\/wp\/v2\/users\/1"}],"replies":[{"embeddable":true,"href":"https:\/\/czechorigins.com\/cs\/wp-json\/wp\/v2\/comments?post=256"}],"version-history":[{"count":61,"href":"https:\/\/czechorigins.com\/cs\/wp-json\/wp\/v2\/pages\/256\/revisions"}],"predecessor-version":[{"id":822,"href":"https:\/\/czechorigins.com\/cs\/wp-json\/wp\/v2\/pages\/256\/revisions\/822"}],"wp:attachment":[{"href":"https:\/\/czechorigins.com\/cs\/wp-json\/wp\/v2\/media?parent=256"}],"curies":[{"name":"wp","href":"https:\/\/api.w.org\/{rel}","templated":true}]}}