{"id":3,"date":"2021-02-19T13:41:18","date_gmt":"2021-02-19T13:41:18","guid":{"rendered":"http:\/\/czechorigins.com\/?page_id=3"},"modified":"2023-04-28T05:56:02","modified_gmt":"2023-04-28T05:56:02","slug":"adr","status":"publish","type":"page","link":"https:\/\/czechorigins.com\/cs\/adr\/","title":{"rendered":"ADR"},"content":{"rendered":"<p>V\u00e1\u017een\u00fd spot\u0159ebiteli, jestli se domn\u00edv\u00e1te, \u017ee jsme V\u00e1s po\u0161kodili, nebo nedost\u00e1li sv\u00fdm z\u00e1vazk\u016fm, pi\u0161te na na\u0161i emailovou adresu contact@czechorigins.com.<br>Jestli se n\u00e1m nepoda\u0159\u00ed spor vy\u0159e\u0161it p\u0159\u00edmo, na z\u00e1klad\u011b Z\u00e1kona \u010d. 378\/2015, kter\u00fdm se m\u011bn\u00ed Z\u00e1kon \u010d. 634\/1992 Sb., o ochran\u011b spot\u0159ebitele, m\u00e1te tak\u00e9 pr\u00e1vo na mimosoudn\u00ed \u0159e\u0161en\u00ed spot\u0159ebitelsk\u00e9ho sporu.<br>Subjektem (ADR) mimosoudn\u00edho \u0159e\u0161en\u00ed spot\u0159ebitelsk\u00fdch spor\u016f mezi obchodn\u00edkem a spot\u0159ebitelem, je \u010cesk\u00e1 obchodn\u00ed inspekce, nebo jin\u00fd subjekt pov\u011b\u0159en\u00fd Ministerstvem pr\u016fmyslu a obchodu, viz http:\/\/www.mpo.cz\/dokument169867.html.<br>U \u010cesk\u00e9 obchodn\u00ed inspekce, m\u00e1 spot\u0159ebitel mo\u017enost podat n\u00e1vrh prost\u0159ednictv\u00edm on-line formul\u00e1\u0159e, dostupn\u00e9ho na internetov\u00fdch str\u00e1nk\u00e1ch \u010cesk\u00e9 obchodn\u00ed inspekce: https:\/\/adr.coi.cz\/cs.<br>Spot\u0159ebitel m\u016f\u017ee podat n\u00e1vrh u \u010cesk\u00e9 obchodn\u00ed inspekce nebo pov\u011b\u0159en\u00e9ho subjektu nejpozd\u011bji do 1 roku ode dne, kdy uplatnil sv\u00e9 pr\u00e1vo, kter\u00e9 je p\u0159edm\u011btem sporu, u prod\u00e1vaj\u00edc\u00edho poprv\u00e9.<br>Spot\u0159ebitel m\u016f\u017ee podat n\u00e1vrh tak\u00e9 prost\u0159ednictv\u00edm platformy mimosoudn\u00edho \u0159e\u0161en\u00ed spot\u0159ebitelsk\u00fdch spor\u016f EU, kter\u00e1 je dostupn\u00e1 online na: https:\/\/webgate.ec.europa.eu\/odr\/main\/index.cfm?event=main.home.show&amp;lng=CS. N\u00e1vrh zde m\u016f\u017ee podat jenom spot\u0159ebitel \u017eij\u00edc\u00ed v EU na obchodn\u00edka se s\u00eddlem v EU.<br>Jestli\u017ee sporn\u00e9 strany nejsou spokojen\u00e9 s kvalitou mimosoudn\u00edho \u0159e\u0161en\u00ed spot\u0159ebitelsk\u00e9ho sporu a domn\u00edvaj\u00ed se, \u017ee v pr\u016fb\u011bhu \u0159\u00edzen\u00ed do\u0161lo k poru\u0161en\u00ed Pravidel pro mimosoudn\u00ed \u0159e\u0161en\u00ed spot\u0159ebitelsk\u00fdch spor\u016f, mohou podat st\u00ed\u017enost na adresu Ministerstva pr\u016fmyslu a obchodu nebo na emailovou adresu adr@mpo.cz.<br>V p\u0159\u00edpad\u011b p\u0159eshrani\u010dn\u00edch spor\u016f pom\u00e1h\u00e1 spot\u0159ebitel\u016fm v p\u0159\u00edstupu k p\u0159\u00edslu\u0161n\u00e9mu subjektu mimosoudn\u00edho \u0159e\u0161en\u00ed spot\u0159ebitelsk\u00fdch spor\u016f Evropsk\u00e9 spot\u0159ebitelsk\u00e9 centrum \u010cesk\u00e1 republika.<br>N\u00e1klady spojen\u00e9 s mimosoudn\u00edm \u0159e\u0161en\u00edm spot\u0159ebitelsk\u00fdch spor\u016f si strany nesou samy<\/p>","protected":false},"excerpt":{"rendered":"<p>V\u00e1\u017een\u00fd spot\u0159ebiteli, jestli se domn\u00edv\u00e1te, \u017ee jsme V\u00e1s po\u0161kodili, nebo nedost\u00e1li sv\u00fdm z\u00e1vazk\u016fm, pi\u0161te na na\u0161i emailovou adresu contact@czechorigins.com.Jestli se n\u00e1m nepoda\u0159\u00ed spor vy\u0159e\u0161it p\u0159\u00edmo, na z\u00e1klad\u011b Z\u00e1kona \u010d. 378\/2015, kter\u00fdm se m\u011bn\u00ed Z\u00e1kon \u010d. 634\/1992 Sb., o ochran\u011b spot\u0159ebitele, m\u00e1te tak\u00e9 pr\u00e1vo na mimosoudn\u00ed \u0159e\u0161en\u00ed spot\u0159ebitelsk\u00e9ho sporu.Subjektem (ADR) mimosoudn\u00edho \u0159e\u0161en\u00ed spot\u0159ebitelsk\u00fdch spor\u016f mezi obchodn\u00edkem&hellip;&nbsp;<a href=\"https:\/\/czechorigins.com\/cs\/adr\/\" class=\"\" rel=\"bookmark\">\u010c\u00edst d\u00e1le &raquo;<span class=\"screen-reader-text\">ADR<\/span><\/a><\/p>","protected":false},"author":1,"featured_media":0,"parent":0,"menu_order":0,"comment_status":"closed","ping_status":"open","template":"","meta":{"neve_meta_sidebar":"","neve_meta_container":"","neve_meta_enable_content_width":"","neve_meta_content_width":0,"neve_meta_title_alignment":"","neve_meta_author_avatar":"","neve_post_elements_order":"","neve_meta_disable_header":"","neve_meta_disable_footer":"","neve_meta_disable_title":"","_ti_tpc_template_sync":false,"_ti_tpc_template_id":"","footnotes":""},"yoast_head":"<!-- This site is optimized with the Yoast SEO plugin v23.0 - https:\/\/yoast.com\/wordpress\/plugins\/seo\/ -->\n<title>ADR - Czechorigins<\/title>\n<meta name=\"robots\" content=\"index, follow, max-snippet:-1, max-image-preview:large, max-video-preview:-1\" \/>\n<link rel=\"canonical\" href=\"https:\/\/czechorigins.com\/cs\/adr\/\" \/>\n<meta property=\"og:locale\" content=\"cs_CZ\" \/>\n<meta property=\"og:type\" content=\"article\" \/>\n<meta property=\"og:title\" content=\"ADR - Czechorigins\" \/>\n<meta property=\"og:description\" content=\"V\u00e1\u017een\u00fd spot\u0159ebiteli, jestli se domn\u00edv\u00e1te, \u017ee jsme V\u00e1s po\u0161kodili, nebo nedost\u00e1li sv\u00fdm z\u00e1vazk\u016fm, pi\u0161te na na\u0161i emailovou adresu contact@czechorigins.com.Jestli se n\u00e1m nepoda\u0159\u00ed spor vy\u0159e\u0161it p\u0159\u00edmo, na z\u00e1klad\u011b Z\u00e1kona \u010d. 378\/2015, kter\u00fdm se m\u011bn\u00ed Z\u00e1kon \u010d. 634\/1992 Sb., o ochran\u011b spot\u0159ebitele, m\u00e1te tak\u00e9 pr\u00e1vo na mimosoudn\u00ed \u0159e\u0161en\u00ed spot\u0159ebitelsk\u00e9ho sporu.Subjektem (ADR) mimosoudn\u00edho \u0159e\u0161en\u00ed spot\u0159ebitelsk\u00fdch spor\u016f mezi obchodn\u00edkem&hellip;&nbsp;\u010c\u00edst d\u00e1le &raquo;ADR\" \/>\n<meta property=\"og:url\" content=\"https:\/\/czechorigins.com\/cs\/adr\/\" \/>\n<meta property=\"og:site_name\" content=\"Czechorigins\" \/>\n<meta property=\"article:modified_time\" content=\"2023-04-28T05:56:02+00:00\" \/>\n<meta name=\"twitter:card\" content=\"summary_large_image\" \/>\n<meta name=\"twitter:label1\" content=\"Odhadovan\u00e1 doba \u010dten\u00ed\" \/>\n\t<meta name=\"twitter:data1\" content=\"1 minuta\" \/>\n<script type=\"application\/ld+json\" class=\"yoast-schema-graph\">{\"@context\":\"https:\/\/schema.org\",\"@graph\":[{\"@type\":\"WebPage\",\"@id\":\"https:\/\/czechorigins.com\/adr\/\",\"url\":\"https:\/\/czechorigins.com\/adr\/\",\"name\":\"ADR - Czechorigins\",\"isPartOf\":{\"@id\":\"https:\/\/czechorigins.com\/#website\"},\"datePublished\":\"2021-02-19T13:41:18+00:00\",\"dateModified\":\"2023-04-28T05:56:02+00:00\",\"breadcrumb\":{\"@id\":\"https:\/\/czechorigins.com\/adr\/#breadcrumb\"},\"inLanguage\":\"cs\",\"potentialAction\":[{\"@type\":\"ReadAction\",\"target\":[\"https:\/\/czechorigins.com\/adr\/\"]}]},{\"@type\":\"BreadcrumbList\",\"@id\":\"https:\/\/czechorigins.com\/adr\/#breadcrumb\",\"itemListElement\":[{\"@type\":\"ListItem\",\"position\":1,\"name\":\"Home\",\"item\":\"https:\/\/czechorigins.com\/\"},{\"@type\":\"ListItem\",\"position\":2,\"name\":\"ADR\"}]},{\"@type\":\"WebSite\",\"@id\":\"https:\/\/czechorigins.com\/#website\",\"url\":\"https:\/\/czechorigins.com\/\",\"name\":\"Czechorigins\",\"description\":\"Discover your czech heritage\",\"publisher\":{\"@id\":\"https:\/\/czechorigins.com\/#organization\"},\"potentialAction\":[{\"@type\":\"SearchAction\",\"target\":{\"@type\":\"EntryPoint\",\"urlTemplate\":\"https:\/\/czechorigins.com\/?s={search_term_string}\"},\"query-input\":\"required name=search_term_string\"}],\"inLanguage\":\"cs\"},{\"@type\":\"Organization\",\"@id\":\"https:\/\/czechorigins.com\/#organization\",\"name\":\"Czechorigins\",\"url\":\"https:\/\/czechorigins.com\/\",\"logo\":{\"@type\":\"ImageObject\",\"inLanguage\":\"cs\",\"@id\":\"https:\/\/czechorigins.com\/#\/schema\/logo\/image\/\",\"url\":\"http:\/\/czechorigins.com\/wp-content\/uploads\/2021\/07\/cezchorigins.jpg\",\"contentUrl\":\"http:\/\/czechorigins.com\/wp-content\/uploads\/2021\/07\/cezchorigins.jpg\",\"width\":819,\"height\":819,\"caption\":\"Czechorigins\"},\"image\":{\"@id\":\"https:\/\/czechorigins.com\/#\/schema\/logo\/image\/\"}}]}<\/script>\n<!-- \/ Yoast SEO plugin. -->","yoast_head_json":{"title":"ADR - Czechorigins","robots":{"index":"index","follow":"follow","max-snippet":"max-snippet:-1","max-image-preview":"max-image-preview:large","max-video-preview":"max-video-preview:-1"},"canonical":"https:\/\/czechorigins.com\/cs\/adr\/","og_locale":"cs_CZ","og_type":"article","og_title":"ADR - Czechorigins","og_description":"V\u00e1\u017een\u00fd spot\u0159ebiteli, jestli se domn\u00edv\u00e1te, \u017ee jsme V\u00e1s po\u0161kodili, nebo nedost\u00e1li sv\u00fdm z\u00e1vazk\u016fm, pi\u0161te na na\u0161i emailovou adresu contact@czechorigins.com.Jestli se n\u00e1m nepoda\u0159\u00ed spor vy\u0159e\u0161it p\u0159\u00edmo, na z\u00e1klad\u011b Z\u00e1kona \u010d. 378\/2015, kter\u00fdm se m\u011bn\u00ed Z\u00e1kon \u010d. 634\/1992 Sb., o ochran\u011b spot\u0159ebitele, m\u00e1te tak\u00e9 pr\u00e1vo na mimosoudn\u00ed \u0159e\u0161en\u00ed spot\u0159ebitelsk\u00e9ho sporu.Subjektem (ADR) mimosoudn\u00edho \u0159e\u0161en\u00ed spot\u0159ebitelsk\u00fdch spor\u016f mezi obchodn\u00edkem&hellip;&nbsp;\u010c\u00edst d\u00e1le &raquo;ADR","og_url":"https:\/\/czechorigins.com\/cs\/adr\/","og_site_name":"Czechorigins","article_modified_time":"2023-04-28T05:56:02+00:00","twitter_card":"summary_large_image","twitter_misc":{"Odhadovan\u00e1 doba \u010dten\u00ed":"1 minuta"},"schema":{"@context":"https:\/\/schema.org","@graph":[{"@type":"WebPage","@id":"https:\/\/czechorigins.com\/adr\/","url":"https:\/\/czechorigins.com\/adr\/","name":"ADR - Czechorigins","isPartOf":{"@id":"https:\/\/czechorigins.com\/#website"},"datePublished":"2021-02-19T13:41:18+00:00","dateModified":"2023-04-28T05:56:02+00:00","breadcrumb":{"@id":"https:\/\/czechorigins.com\/adr\/#breadcrumb"},"inLanguage":"cs","potentialAction":[{"@type":"ReadAction","target":["https:\/\/czechorigins.com\/adr\/"]}]},{"@type":"BreadcrumbList","@id":"https:\/\/czechorigins.com\/adr\/#breadcrumb","itemListElement":[{"@type":"ListItem","position":1,"name":"Home","item":"https:\/\/czechorigins.com\/"},{"@type":"ListItem","position":2,"name":"ADR"}]},{"@type":"WebSite","@id":"https:\/\/czechorigins.com\/#website","url":"https:\/\/czechorigins.com\/","name":"Czechorigins","description":"Discover your czech heritage","publisher":{"@id":"https:\/\/czechorigins.com\/#organization"},"potentialAction":[{"@type":"SearchAction","target":{"@type":"EntryPoint","urlTemplate":"https:\/\/czechorigins.com\/?s={search_term_string}"},"query-input":"required name=search_term_string"}],"inLanguage":"cs"},{"@type":"Organization","@id":"https:\/\/czechorigins.com\/#organization","name":"Czechorigins","url":"https:\/\/czechorigins.com\/","logo":{"@type":"ImageObject","inLanguage":"cs","@id":"https:\/\/czechorigins.com\/#\/schema\/logo\/image\/","url":"http:\/\/czechorigins.com\/wp-content\/uploads\/2021\/07\/cezchorigins.jpg","contentUrl":"http:\/\/czechorigins.com\/wp-content\/uploads\/2021\/07\/cezchorigins.jpg","width":819,"height":819,"caption":"Czechorigins"},"image":{"@id":"https:\/\/czechorigins.com\/#\/schema\/logo\/image\/"}}]}},"_links":{"self":[{"href":"https:\/\/czechorigins.com\/cs\/wp-json\/wp\/v2\/pages\/3"}],"collection":[{"href":"https:\/\/czechorigins.com\/cs\/wp-json\/wp\/v2\/pages"}],"about":[{"href":"https:\/\/czechorigins.com\/cs\/wp-json\/wp\/v2\/types\/page"}],"author":[{"embeddable":true,"href":"https:\/\/czechorigins.com\/cs\/wp-json\/wp\/v2\/users\/1"}],"replies":[{"embeddable":true,"href":"https:\/\/czechorigins.com\/cs\/wp-json\/wp\/v2\/comments?post=3"}],"version-history":[{"count":1,"href":"https:\/\/czechorigins.com\/cs\/wp-json\/wp\/v2\/pages\/3\/revisions"}],"predecessor-version":[{"id":878,"href":"https:\/\/czechorigins.com\/cs\/wp-json\/wp\/v2\/pages\/3\/revisions\/878"}],"wp:attachment":[{"href":"https:\/\/czechorigins.com\/cs\/wp-json\/wp\/v2\/media?parent=3"}],"curies":[{"name":"wp","href":"https:\/\/api.w.org\/{rel}","templated":true}]}}