{"id":368,"date":"2021-02-22T06:13:38","date_gmt":"2021-02-22T06:13:38","guid":{"rendered":"http:\/\/czechorigins.com\/?page_id=368"},"modified":"2021-07-26T19:48:18","modified_gmt":"2021-07-26T19:48:18","slug":"surname-derivation","status":"publish","type":"page","link":"https:\/\/czechorigins.com\/cs\/surname-derivation\/","title":{"rendered":"V\u00fdzkum p\u016fvodu p\u0159\u00edjmen\u00ed"},"content":{"rendered":"<div data-elementor-type=\"wp-page\" data-elementor-id=\"368\" class=\"elementor elementor-368\">\n\t\t\t\t\t\t<section class=\"elementor-section elementor-top-section elementor-element elementor-element-2fbb26f elementor-section-boxed elementor-section-height-default elementor-section-height-default\" data-id=\"2fbb26f\" data-element_type=\"section\">\n\t\t\t\t\t\t<div class=\"elementor-container elementor-column-gap-default\">\n\t\t\t\t\t<div class=\"elementor-column elementor-col-66 elementor-top-column elementor-element elementor-element-dcd4ca3\" data-id=\"dcd4ca3\" data-element_type=\"column\">\n\t\t\t<div class=\"elementor-widget-wrap elementor-element-populated\">\n\t\t\t\t\t\t<div class=\"elementor-element elementor-element-b2012a6 elementor-widget elementor-widget-heading\" data-id=\"b2012a6\" data-element_type=\"widget\" data-widget_type=\"heading.default\">\n\t\t\t\t<div class=\"elementor-widget-container\">\n\t\t\t<h1 class=\"elementor-heading-title elementor-size-default\">P\u016fvod a v\u00fdznam p\u0159\u00edjmen\u00ed<\/h1>\t\t<\/div>\n\t\t\t\t<\/div>\n\t\t\t\t\t<\/div>\n\t\t<\/div>\n\t\t\t\t<div class=\"elementor-column elementor-col-33 elementor-top-column elementor-element elementor-element-32f791c\" data-id=\"32f791c\" data-element_type=\"column\">\n\t\t\t<div class=\"elementor-widget-wrap\">\n\t\t\t\t\t\t\t<\/div>\n\t\t<\/div>\n\t\t\t\t\t<\/div>\n\t\t<\/section>\n\t\t\t\t<section class=\"elementor-section elementor-top-section elementor-element elementor-element-fdcefac elementor-section-boxed elementor-section-height-default elementor-section-height-default\" data-id=\"fdcefac\" data-element_type=\"section\" data-settings=\"{&quot;background_background&quot;:&quot;classic&quot;}\">\n\t\t\t\t\t\t<div class=\"elementor-container elementor-column-gap-default\">\n\t\t\t\t\t<div class=\"elementor-column elementor-col-33 elementor-top-column elementor-element elementor-element-18c36ec\" data-id=\"18c36ec\" data-element_type=\"column\">\n\t\t\t<div class=\"elementor-widget-wrap elementor-element-populated\">\n\t\t\t\t\t\t<div class=\"elementor-element elementor-element-5e3d07f elementor-widget elementor-widget-image\" data-id=\"5e3d07f\" data-element_type=\"widget\" data-widget_type=\"image.default\">\n\t\t\t\t<div class=\"elementor-widget-container\">\n\t\t\t\t\t\t\t\t\t\t\t\t\t<img fetchpriority=\"high\" decoding=\"async\" width=\"768\" height=\"1087\" src=\"https:\/\/czechorigins.com\/wp-content\/uploads\/2021\/07\/surnames-768x1087.png\" class=\"attachment-medium_large size-medium_large wp-image-843\" alt=\"Czech-surnames\" srcset=\"https:\/\/czechorigins.com\/wp-content\/uploads\/2021\/07\/surnames-768x1087.png 768w, https:\/\/czechorigins.com\/wp-content\/uploads\/2021\/07\/surnames-212x300.png 212w, https:\/\/czechorigins.com\/wp-content\/uploads\/2021\/07\/surnames-724x1024.png 724w, https:\/\/czechorigins.com\/wp-content\/uploads\/2021\/07\/surnames-1086x1536.png 1086w, https:\/\/czechorigins.com\/wp-content\/uploads\/2021\/07\/surnames-8x12.png 8w, https:\/\/czechorigins.com\/wp-content\/uploads\/2021\/07\/surnames.png 1357w\" sizes=\"(max-width: 768px) 100vw, 768px\" \/>\t\t\t\t\t\t\t\t\t\t\t\t\t<\/div>\n\t\t\t\t<\/div>\n\t\t\t\t\t<\/div>\n\t\t<\/div>\n\t\t\t\t<div class=\"elementor-column elementor-col-66 elementor-top-column elementor-element elementor-element-86fbed1\" data-id=\"86fbed1\" data-element_type=\"column\">\n\t\t\t<div class=\"elementor-widget-wrap elementor-element-populated\">\n\t\t\t\t\t\t<div class=\"elementor-element elementor-element-f02a0ea elementor-widget elementor-widget-heading\" data-id=\"f02a0ea\" data-element_type=\"widget\" data-widget_type=\"heading.default\">\n\t\t\t\t<div class=\"elementor-widget-container\">\n\t\t\t<h2 class=\"elementor-heading-title elementor-size-default\">V\u00fdzkum p\u016fvodu p\u0159\u00edjmen\u00ed<\/h2>\t\t<\/div>\n\t\t\t\t<\/div>\n\t\t\t\t<div class=\"elementor-element elementor-element-f99ed44 elementor-widget elementor-widget-text-editor\" data-id=\"f99ed44\" data-element_type=\"widget\" data-widget_type=\"text-editor.default\">\n\t\t\t\t<div class=\"elementor-widget-container\">\n\t\t\t\t\t\t\t<p>P\u0159\u00edjmen\u00ed je n\u011bco s \u010d\u00edm se rod\u00edme. Ob\u010das n\u00e1s m\u016f\u017ee napadnout, co vlastn\u011b znamen\u00e1 a jak vlastn\u011b vzniklo. Je to jedno z nejd\u016fle\u017eit\u011bj\u0161\u00edch d\u011bdictv\u00ed na\u0161ich p\u0159edk\u016f, kter\u00e9 pou\u017e\u00edv\u00e1me ka\u017edodenn\u011b. Anal\u00fdza p\u0159\u00edjmen\u00ed tak m\u016f\u017ee pomoct odtajnit z\u00e1hady a p\u0159ibl\u00ed\u017eit n\u00e1m rodinou minulost.<\/p><p><b>Tuto slu\u017ebu nab\u00edz\u00edme jako roz\u0161\u00ed\u0159en\u00ed na\u0161ich genealogick\u00fdch slu\u017eeb.\u00a0<\/b><span style=\"font-weight: bold; background-color: var( --e-global-color-nvlightbg ); color: var(--nv-text-color); font-family: Poppins, var(--nv-fallback-ff); letter-spacing: 0px;\">genealogick\u00e9ho\u00a0<\/span><b style=\"background-color: var( --e-global-color-nvlightbg ); color: var(--nv-text-color); font-family: Poppins, var(--nv-fallback-ff); letter-spacing: 0px;\">slu\u017eeb.<\/b><\/p>\t\t\t\t\t\t<\/div>\n\t\t\t\t<\/div>\n\t\t\t\t<div class=\"elementor-element elementor-element-c092884 elementor-widget-divider--view-line elementor-widget elementor-widget-divider\" data-id=\"c092884\" data-element_type=\"widget\" data-widget_type=\"divider.default\">\n\t\t\t\t<div class=\"elementor-widget-container\">\n\t\t\t\t\t<div class=\"elementor-divider\">\n\t\t\t<span class=\"elementor-divider-separator\">\n\t\t\t\t\t\t<\/span>\n\t\t<\/div>\n\t\t\t\t<\/div>\n\t\t\t\t<\/div>\n\t\t\t\t<div class=\"elementor-element elementor-element-cd60f6b elementor-widget elementor-widget-text-editor\" data-id=\"cd60f6b\" data-element_type=\"widget\" data-widget_type=\"text-editor.default\">\n\t\t\t\t<div class=\"elementor-widget-container\">\n\t\t\t\t\t\t\t<p><em>Pozn\u00e1mka: p\u016fvod p\u0159\u00edjmen\u00ed m\u016f\u017ee p\u0159esahovat chronologick\u00fd r\u00e1mec stanoven\u00fd p\u00edsemn\u00fdmi prameny. I jedna kultura m\u016f\u017ee m\u00edt p\u0159\u00edjmen\u00ed s multikulturn\u00edm p\u016fvodem. Proto m\u016f\u017ee b\u00fdt tento v\u00fdzkum \u010dasov\u011b velmi n\u00e1ro\u010dn\u00fd.<\/em><\/p>\t\t\t\t\t\t<\/div>\n\t\t\t\t<\/div>\n\t\t\t\t\t<\/div>\n\t\t<\/div>\n\t\t\t\t\t<\/div>\n\t\t<\/section>\n\t\t\t\t<section class=\"elementor-section elementor-top-section elementor-element elementor-element-aa6cda9 elementor-section-boxed elementor-section-height-default elementor-section-height-default\" data-id=\"aa6cda9\" data-element_type=\"section\">\n\t\t\t\t\t\t<div class=\"elementor-container elementor-column-gap-default\">\n\t\t\t\t\t<div class=\"elementor-column elementor-col-25 elementor-top-column elementor-element elementor-element-87f5159\" data-id=\"87f5159\" data-element_type=\"column\">\n\t\t\t<div class=\"elementor-widget-wrap elementor-element-populated\">\n\t\t\t\t\t\t<div class=\"elementor-element elementor-element-31cc1f9 elementor-position-left elementor-view-default elementor-mobile-position-top elementor-vertical-align-top elementor-widget elementor-widget-icon-box\" data-id=\"31cc1f9\" data-element_type=\"widget\" data-widget_type=\"icon-box.default\">\n\t\t\t\t<div class=\"elementor-widget-container\">\n\t\t\t\t\t<div class=\"elementor-icon-box-wrapper\">\n\n\t\t\t\t\t\t<div class=\"elementor-icon-box-icon\">\n\t\t\t\t<span  class=\"elementor-icon elementor-animation-\">\n\t\t\t\t<i aria-hidden=\"true\" class=\"fas fa-check\"><\/i>\t\t\t\t<\/span>\n\t\t\t<\/div>\n\t\t\t\n\t\t\t\t\t\t<div class=\"elementor-icon-box-content\">\n\n\t\t\t\t\t\t\t\t\t<h3 class=\"elementor-icon-box-title\">\n\t\t\t\t\t\t<span  >\n\t\t\t\t\t\t\tVarianty p\u0159\u00edjmen\u00ed\t\t\t\t\t\t<\/span>\n\t\t\t\t\t<\/h3>\n\t\t\t\t\n\t\t\t\t\t\t\t\t\t<p class=\"elementor-icon-box-description\">\n\t\t\t\t\t\tBudeme hledat dal\u0161\u00ed varianty analyzovan\u00e9ho p\u0159\u00edjmen\u00ed a ud\u011bl\u00e1me stejn\u00fd pr\u016fzkum pro v\u0161echny nalezen\u00e9 varianty, abychom z\u00edskali co nejlep\u0161\u00ed v\u00fdsledky.\t\t\t\t\t<\/p>\n\t\t\t\t\n\t\t\t<\/div>\n\t\t\t\n\t\t<\/div>\n\t\t\t\t<\/div>\n\t\t\t\t<\/div>\n\t\t\t\t\t<\/div>\n\t\t<\/div>\n\t\t\t\t<div class=\"elementor-column elementor-col-25 elementor-top-column elementor-element elementor-element-d079225\" data-id=\"d079225\" data-element_type=\"column\">\n\t\t\t<div class=\"elementor-widget-wrap elementor-element-populated\">\n\t\t\t\t\t\t<div class=\"elementor-element elementor-element-1e36f08 elementor-position-left elementor-view-default elementor-mobile-position-top elementor-vertical-align-top elementor-widget elementor-widget-icon-box\" data-id=\"1e36f08\" data-element_type=\"widget\" data-widget_type=\"icon-box.default\">\n\t\t\t\t<div class=\"elementor-widget-container\">\n\t\t\t\t\t<div class=\"elementor-icon-box-wrapper\">\n\n\t\t\t\t\t\t<div class=\"elementor-icon-box-icon\">\n\t\t\t\t<span  class=\"elementor-icon elementor-animation-\">\n\t\t\t\t<i aria-hidden=\"true\" class=\"fas fa-check\"><\/i>\t\t\t\t<\/span>\n\t\t\t<\/div>\n\t\t\t\n\t\t\t\t\t\t<div class=\"elementor-icon-box-content\">\n\n\t\t\t\t\t\t\t\t\t<h3 class=\"elementor-icon-box-title\">\n\t\t\t\t\t\t<span  >\n\t\t\t\t\t\t\tKontrola \u0161lechtick\u00e9ho p\u016fvodu p\u0159\u00edjmen\u00ed\t\t\t\t\t\t<\/span>\n\t\t\t\t\t<\/h3>\n\t\t\t\t\n\t\t\t\t\t\t\t\t\t<p class=\"elementor-icon-box-description\">\n\t\t\t\t\t\tZkontrolujeme, jestli Va\u0161e p\u0159\u00edjmen\u00ed nen\u00ed uvedeno v datab\u00e1zi \u010desko-rakousk\u00e9 n\u00edzk\u00e9 nebo vysok\u00e9 \u0161lechty.\t\t\t\t\t<\/p>\n\t\t\t\t\n\t\t\t<\/div>\n\t\t\t\n\t\t<\/div>\n\t\t\t\t<\/div>\n\t\t\t\t<\/div>\n\t\t\t\t\t<\/div>\n\t\t<\/div>\n\t\t\t\t<div class=\"elementor-column elementor-col-25 elementor-top-column elementor-element elementor-element-0acb327\" data-id=\"0acb327\" data-element_type=\"column\">\n\t\t\t<div class=\"elementor-widget-wrap elementor-element-populated\">\n\t\t\t\t\t\t<div class=\"elementor-element elementor-element-4e41c49 elementor-position-left elementor-view-default elementor-mobile-position-top elementor-vertical-align-top elementor-widget elementor-widget-icon-box\" data-id=\"4e41c49\" data-element_type=\"widget\" data-widget_type=\"icon-box.default\">\n\t\t\t\t<div class=\"elementor-widget-container\">\n\t\t\t\t\t<div class=\"elementor-icon-box-wrapper\">\n\n\t\t\t\t\t\t<div class=\"elementor-icon-box-icon\">\n\t\t\t\t<span  class=\"elementor-icon elementor-animation-\">\n\t\t\t\t<i aria-hidden=\"true\" class=\"fas fa-check\"><\/i>\t\t\t\t<\/span>\n\t\t\t<\/div>\n\t\t\t\n\t\t\t\t\t\t<div class=\"elementor-icon-box-content\">\n\n\t\t\t\t\t\t\t\t\t<h3 class=\"elementor-icon-box-title\">\n\t\t\t\t\t\t<span  >\n\t\t\t\t\t\t\tLingvistick\u00e1 anal\u00fdza p\u0159\u00edjmen\u00ed \t\t\t\t\t\t<\/span>\n\t\t\t\t\t<\/h3>\n\t\t\t\t\n\t\t\t\t\t\t\t\t\t<p class=\"elementor-icon-box-description\">\n\t\t\t\t\t\tP\u0159\u00edjmen\u00ed se mohou vyv\u00edjet stejn\u00fdm zp\u016fsobem jako jazyk a kultura dan\u00e9 oblasti. Proto porovn\u00e1v\u00e1me Va\u0161e p\u0159\u00edjmen\u00ed a historick\u00e9 zm\u011bny, ke kter\u00fdm do\u0161lo v \u010desk\u00e9m jazyce.\t\t\t\t\t<\/p>\n\t\t\t\t\n\t\t\t<\/div>\n\t\t\t\n\t\t<\/div>\n\t\t\t\t<\/div>\n\t\t\t\t<\/div>\n\t\t\t\t\t<\/div>\n\t\t<\/div>\n\t\t\t\t<div class=\"elementor-column elementor-col-25 elementor-top-column elementor-element elementor-element-92bc0fa\" data-id=\"92bc0fa\" data-element_type=\"column\">\n\t\t\t<div class=\"elementor-widget-wrap elementor-element-populated\">\n\t\t\t\t\t\t<div class=\"elementor-element elementor-element-565ae5d elementor-position-left elementor-view-default elementor-mobile-position-top elementor-vertical-align-top elementor-widget elementor-widget-icon-box\" data-id=\"565ae5d\" data-element_type=\"widget\" data-widget_type=\"icon-box.default\">\n\t\t\t\t<div class=\"elementor-widget-container\">\n\t\t\t\t\t<div class=\"elementor-icon-box-wrapper\">\n\n\t\t\t\t\t\t<div class=\"elementor-icon-box-icon\">\n\t\t\t\t<span  class=\"elementor-icon elementor-animation-\">\n\t\t\t\t<i aria-hidden=\"true\" class=\"fas fa-check\"><\/i>\t\t\t\t<\/span>\n\t\t\t<\/div>\n\t\t\t\n\t\t\t\t\t\t<div class=\"elementor-icon-box-content\">\n\n\t\t\t\t\t\t\t\t\t<h3 class=\"elementor-icon-box-title\">\n\t\t\t\t\t\t<span  >\n\t\t\t\t\t\t\tV\u00fdskyt ve st\u0159edn\u00ed Evrop\u011b\t\t\t\t\t\t<\/span>\n\t\t\t\t\t<\/h3>\n\t\t\t\t\n\t\t\t\t\t\t\t\t\t<p class=\"elementor-icon-box-description\">\n\t\t\t\t\t\tBudeme p\u0159ev\u00e1\u017en\u011b kontrolovat a identifikovat v\u00fdskyt v \u010desk\u00fdch kraj\u00edch, ale vzhledem k rakousko-uhersk\u00e9 vnit\u0159n\u00ed migraci bychom mohli naj\u00edt v\u00fdskyt ur\u010dit\u00fdch \"kapes\" p\u0159\u00edjmen\u00ed v sousedn\u00edch zem\u00edch.\t\t\t\t\t<\/p>\n\t\t\t\t\n\t\t\t<\/div>\n\t\t\t\n\t\t<\/div>\n\t\t\t\t<\/div>\n\t\t\t\t<\/div>\n\t\t\t\t\t<\/div>\n\t\t<\/div>\n\t\t\t\t\t<\/div>\n\t\t<\/section>\n\t\t\t\t<section class=\"elementor-section elementor-top-section elementor-element elementor-element-973f6aa elementor-section-boxed elementor-section-height-default elementor-section-height-default\" data-id=\"973f6aa\" data-element_type=\"section\" data-settings=\"{&quot;background_background&quot;:&quot;classic&quot;}\">\n\t\t\t\t\t\t<div class=\"elementor-container elementor-column-gap-default\">\n\t\t\t\t\t<div class=\"elementor-column elementor-col-100 elementor-top-column elementor-element elementor-element-aac027c\" data-id=\"aac027c\" data-element_type=\"column\">\n\t\t\t<div class=\"elementor-widget-wrap elementor-element-populated\">\n\t\t\t\t\t\t<div class=\"elementor-element elementor-element-4ff5ee2 elementor-widget elementor-widget-heading\" data-id=\"4ff5ee2\" data-element_type=\"widget\" data-widget_type=\"heading.default\">\n\t\t\t\t<div class=\"elementor-widget-container\">\n\t\t\t<h2 class=\"elementor-heading-title elementor-size-default\">Jste p\u0159ipraven\u00ed odtajnit v\u00fdznam a vznik va\u0161eho p\u0159\u00edjmen\u00ed?<\/h2>\t\t<\/div>\n\t\t\t\t<\/div>\n\t\t\t\t<div class=\"elementor-element elementor-element-3dc2790 elementor-widget elementor-widget-text-editor\" data-id=\"3dc2790\" data-element_type=\"widget\" data-widget_type=\"text-editor.default\">\n\t\t\t\t<div class=\"elementor-widget-container\">\n\t\t\t\t\t\t\t<p>Kontaktujte n\u00e1s a my v\u00e1m za\u0161leme detailn\u00ed cenu a zodpov\u00edme p\u0159\u00edpadn\u00e9 ot\u00e1zky. Ka\u017ed\u00fd objedn\u00e1vky m\u016f\u017ee b\u00fdt p\u0159izp\u016fsobena p\u0159\u00e1n\u00edm a mo\u017enostem z\u00e1kazn\u00edka.<\/p>\t\t\t\t\t\t<\/div>\n\t\t\t\t<\/div>\n\t\t\t\t<div class=\"elementor-element elementor-element-e215d8a elementor-align-center elementor-mobile-align-justify elementor-widget elementor-widget-button\" data-id=\"e215d8a\" data-element_type=\"widget\" data-widget_type=\"button.default\">\n\t\t\t\t<div class=\"elementor-widget-container\">\n\t\t\t\t\t<div class=\"elementor-button-wrapper\">\n\t\t\t<a class=\"elementor-button elementor-button-link elementor-size-lg\" href=\"https:\/\/czechorigins.com\/cs\/contact\/\">\n\t\t\t\t\t\t<span class=\"elementor-button-content-wrapper\">\n\t\t\t\t\t\t\t\t\t<span class=\"elementor-button-text\">Kontaktujte n\u00e1s<\/span>\n\t\t\t\t\t<\/span>\n\t\t\t\t\t<\/a>\n\t\t<\/div>\n\t\t\t\t<\/div>\n\t\t\t\t<\/div>\n\t\t\t\t\t<\/div>\n\t\t<\/div>\n\t\t\t\t\t<\/div>\n\t\t<\/section>\n\t\t\t\t<\/div>","protected":false},"excerpt":{"rendered":"<p>Czech surname origin Czech surname derivation Surname is something we are born with. Sometimes, we can wonder, why we are named, as we are. It is the most important element of our heritage from ancestors in our everyday lives. Analysis of the surname can help you answer your questions about your origin. We are mostly&hellip;&nbsp;<a href=\"https:\/\/czechorigins.com\/cs\/surname-derivation\/\" class=\"\" rel=\"bookmark\">\u010c\u00edst d\u00e1le &raquo;<span class=\"screen-reader-text\">V\u00fdzkum p\u016fvodu p\u0159\u00edjmen\u00ed<\/span><\/a><\/p>","protected":false},"author":1,"featured_media":0,"parent":0,"menu_order":0,"comment_status":"closed","ping_status":"closed","template":"page-templates\/template-pagebuilder-full-width.php","meta":{"neve_meta_sidebar":"full-width","neve_meta_container":"","neve_meta_enable_content_width":"on","neve_meta_content_width":100,"neve_meta_title_alignment":"","neve_meta_author_avatar":"","neve_post_elements_order":"","neve_meta_disable_header":"","neve_meta_disable_footer":"","neve_meta_disable_title":"","_ti_tpc_template_sync":false,"_ti_tpc_template_id":"","footnotes":""},"yoast_head":"<!-- This site is optimized with the Yoast SEO plugin v23.0 - https:\/\/yoast.com\/wordpress\/plugins\/seo\/ -->\n<title>Surname Derivation - Czechorigins<\/title>\n<meta name=\"robots\" content=\"index, follow, max-snippet:-1, max-image-preview:large, max-video-preview:-1\" \/>\n<link rel=\"canonical\" href=\"https:\/\/czechorigins.com\/cs\/surname-derivation\/\" \/>\n<meta property=\"og:locale\" content=\"cs_CZ\" \/>\n<meta property=\"og:type\" content=\"article\" \/>\n<meta property=\"og:title\" content=\"Surname Derivation - Czechorigins\" \/>\n<meta property=\"og:description\" content=\"Czech surname origin Czech surname derivation Surname is something we are born with. Sometimes, we can wonder, why we are named, as we are. It is the most important element of our heritage from ancestors in our everyday lives. Analysis of the surname can help you answer your questions about your origin. We are mostly&hellip;&nbsp;\u010c\u00edst d\u00e1le &raquo;Surname Derivation\" \/>\n<meta property=\"og:url\" content=\"https:\/\/czechorigins.com\/cs\/surname-derivation\/\" \/>\n<meta property=\"og:site_name\" content=\"Czechorigins\" \/>\n<meta property=\"article:modified_time\" content=\"2021-07-26T19:48:18+00:00\" \/>\n<meta property=\"og:image\" content=\"http:\/\/czechorigins.com\/wp-content\/uploads\/2021\/07\/surnames-768x1087.png\" \/>\n<meta name=\"twitter:card\" content=\"summary_large_image\" \/>\n<meta name=\"twitter:label1\" content=\"Odhadovan\u00e1 doba \u010dten\u00ed\" \/>\n\t<meta name=\"twitter:data1\" content=\"2 minuty\" \/>\n<script type=\"application\/ld+json\" class=\"yoast-schema-graph\">{\"@context\":\"https:\/\/schema.org\",\"@graph\":[{\"@type\":\"WebPage\",\"@id\":\"https:\/\/czechorigins.com\/surname-derivation\/\",\"url\":\"https:\/\/czechorigins.com\/surname-derivation\/\",\"name\":\"Surname Derivation - Czechorigins\",\"isPartOf\":{\"@id\":\"https:\/\/czechorigins.com\/#website\"},\"primaryImageOfPage\":{\"@id\":\"https:\/\/czechorigins.com\/surname-derivation\/#primaryimage\"},\"image\":{\"@id\":\"https:\/\/czechorigins.com\/surname-derivation\/#primaryimage\"},\"thumbnailUrl\":\"http:\/\/czechorigins.com\/wp-content\/uploads\/2021\/07\/surnames-768x1087.png\",\"datePublished\":\"2021-02-22T06:13:38+00:00\",\"dateModified\":\"2021-07-26T19:48:18+00:00\",\"breadcrumb\":{\"@id\":\"https:\/\/czechorigins.com\/surname-derivation\/#breadcrumb\"},\"inLanguage\":\"cs\",\"potentialAction\":[{\"@type\":\"ReadAction\",\"target\":[\"https:\/\/czechorigins.com\/surname-derivation\/\"]}]},{\"@type\":\"ImageObject\",\"inLanguage\":\"cs\",\"@id\":\"https:\/\/czechorigins.com\/surname-derivation\/#primaryimage\",\"url\":\"http:\/\/czechorigins.com\/wp-content\/uploads\/2021\/07\/surnames-768x1087.png\",\"contentUrl\":\"http:\/\/czechorigins.com\/wp-content\/uploads\/2021\/07\/surnames-768x1087.png\"},{\"@type\":\"BreadcrumbList\",\"@id\":\"https:\/\/czechorigins.com\/surname-derivation\/#breadcrumb\",\"itemListElement\":[{\"@type\":\"ListItem\",\"position\":1,\"name\":\"Home\",\"item\":\"https:\/\/czechorigins.com\/\"},{\"@type\":\"ListItem\",\"position\":2,\"name\":\"Surname Derivation\"}]},{\"@type\":\"WebSite\",\"@id\":\"https:\/\/czechorigins.com\/#website\",\"url\":\"https:\/\/czechorigins.com\/\",\"name\":\"Czechorigins\",\"description\":\"Discover your czech heritage\",\"publisher\":{\"@id\":\"https:\/\/czechorigins.com\/#organization\"},\"potentialAction\":[{\"@type\":\"SearchAction\",\"target\":{\"@type\":\"EntryPoint\",\"urlTemplate\":\"https:\/\/czechorigins.com\/?s={search_term_string}\"},\"query-input\":\"required name=search_term_string\"}],\"inLanguage\":\"cs\"},{\"@type\":\"Organization\",\"@id\":\"https:\/\/czechorigins.com\/#organization\",\"name\":\"Czechorigins\",\"url\":\"https:\/\/czechorigins.com\/\",\"logo\":{\"@type\":\"ImageObject\",\"inLanguage\":\"cs\",\"@id\":\"https:\/\/czechorigins.com\/#\/schema\/logo\/image\/\",\"url\":\"http:\/\/czechorigins.com\/wp-content\/uploads\/2021\/07\/cezchorigins.jpg\",\"contentUrl\":\"http:\/\/czechorigins.com\/wp-content\/uploads\/2021\/07\/cezchorigins.jpg\",\"width\":819,\"height\":819,\"caption\":\"Czechorigins\"},\"image\":{\"@id\":\"https:\/\/czechorigins.com\/#\/schema\/logo\/image\/\"}}]}<\/script>\n<!-- \/ Yoast SEO plugin. -->","yoast_head_json":{"title":"Surname Derivation - Czechorigins","robots":{"index":"index","follow":"follow","max-snippet":"max-snippet:-1","max-image-preview":"max-image-preview:large","max-video-preview":"max-video-preview:-1"},"canonical":"https:\/\/czechorigins.com\/cs\/surname-derivation\/","og_locale":"cs_CZ","og_type":"article","og_title":"Surname Derivation - Czechorigins","og_description":"Czech surname origin Czech surname derivation Surname is something we are born with. Sometimes, we can wonder, why we are named, as we are. It is the most important element of our heritage from ancestors in our everyday lives. Analysis of the surname can help you answer your questions about your origin. We are mostly&hellip;&nbsp;\u010c\u00edst d\u00e1le &raquo;Surname Derivation","og_url":"https:\/\/czechorigins.com\/cs\/surname-derivation\/","og_site_name":"Czechorigins","article_modified_time":"2021-07-26T19:48:18+00:00","og_image":[{"url":"http:\/\/czechorigins.com\/wp-content\/uploads\/2021\/07\/surnames-768x1087.png"}],"twitter_card":"summary_large_image","twitter_misc":{"Odhadovan\u00e1 doba \u010dten\u00ed":"2 minuty"},"schema":{"@context":"https:\/\/schema.org","@graph":[{"@type":"WebPage","@id":"https:\/\/czechorigins.com\/surname-derivation\/","url":"https:\/\/czechorigins.com\/surname-derivation\/","name":"Surname Derivation - Czechorigins","isPartOf":{"@id":"https:\/\/czechorigins.com\/#website"},"primaryImageOfPage":{"@id":"https:\/\/czechorigins.com\/surname-derivation\/#primaryimage"},"image":{"@id":"https:\/\/czechorigins.com\/surname-derivation\/#primaryimage"},"thumbnailUrl":"http:\/\/czechorigins.com\/wp-content\/uploads\/2021\/07\/surnames-768x1087.png","datePublished":"2021-02-22T06:13:38+00:00","dateModified":"2021-07-26T19:48:18+00:00","breadcrumb":{"@id":"https:\/\/czechorigins.com\/surname-derivation\/#breadcrumb"},"inLanguage":"cs","potentialAction":[{"@type":"ReadAction","target":["https:\/\/czechorigins.com\/surname-derivation\/"]}]},{"@type":"ImageObject","inLanguage":"cs","@id":"https:\/\/czechorigins.com\/surname-derivation\/#primaryimage","url":"http:\/\/czechorigins.com\/wp-content\/uploads\/2021\/07\/surnames-768x1087.png","contentUrl":"http:\/\/czechorigins.com\/wp-content\/uploads\/2021\/07\/surnames-768x1087.png"},{"@type":"BreadcrumbList","@id":"https:\/\/czechorigins.com\/surname-derivation\/#breadcrumb","itemListElement":[{"@type":"ListItem","position":1,"name":"Home","item":"https:\/\/czechorigins.com\/"},{"@type":"ListItem","position":2,"name":"Surname Derivation"}]},{"@type":"WebSite","@id":"https:\/\/czechorigins.com\/#website","url":"https:\/\/czechorigins.com\/","name":"Czechorigins","description":"Discover your czech heritage","publisher":{"@id":"https:\/\/czechorigins.com\/#organization"},"potentialAction":[{"@type":"SearchAction","target":{"@type":"EntryPoint","urlTemplate":"https:\/\/czechorigins.com\/?s={search_term_string}"},"query-input":"required name=search_term_string"}],"inLanguage":"cs"},{"@type":"Organization","@id":"https:\/\/czechorigins.com\/#organization","name":"Czechorigins","url":"https:\/\/czechorigins.com\/","logo":{"@type":"ImageObject","inLanguage":"cs","@id":"https:\/\/czechorigins.com\/#\/schema\/logo\/image\/","url":"http:\/\/czechorigins.com\/wp-content\/uploads\/2021\/07\/cezchorigins.jpg","contentUrl":"http:\/\/czechorigins.com\/wp-content\/uploads\/2021\/07\/cezchorigins.jpg","width":819,"height":819,"caption":"Czechorigins"},"image":{"@id":"https:\/\/czechorigins.com\/#\/schema\/logo\/image\/"}}]}},"_links":{"self":[{"href":"https:\/\/czechorigins.com\/cs\/wp-json\/wp\/v2\/pages\/368"}],"collection":[{"href":"https:\/\/czechorigins.com\/cs\/wp-json\/wp\/v2\/pages"}],"about":[{"href":"https:\/\/czechorigins.com\/cs\/wp-json\/wp\/v2\/types\/page"}],"author":[{"embeddable":true,"href":"https:\/\/czechorigins.com\/cs\/wp-json\/wp\/v2\/users\/1"}],"replies":[{"embeddable":true,"href":"https:\/\/czechorigins.com\/cs\/wp-json\/wp\/v2\/comments?post=368"}],"version-history":[{"count":46,"href":"https:\/\/czechorigins.com\/cs\/wp-json\/wp\/v2\/pages\/368\/revisions"}],"predecessor-version":[{"id":846,"href":"https:\/\/czechorigins.com\/cs\/wp-json\/wp\/v2\/pages\/368\/revisions\/846"}],"wp:attachment":[{"href":"https:\/\/czechorigins.com\/cs\/wp-json\/wp\/v2\/media?parent=368"}],"curies":[{"name":"wp","href":"https:\/\/api.w.org\/{rel}","templated":true}]}}