{"id":949,"date":"2021-04-28T05:49:15","date_gmt":"2021-04-28T05:49:15","guid":{"rendered":"http:\/\/czechorigins.com\/?page_id=949"},"modified":"2024-06-15T13:17:47","modified_gmt":"2024-06-15T13:17:47","slug":"information-for-consumers","status":"publish","type":"page","link":"https:\/\/czechorigins.com\/cs\/information-for-consumers\/","title":{"rendered":"Information for consumers"},"content":{"rendered":"<div data-elementor-type=\"wp-page\" data-elementor-id=\"949\" class=\"elementor elementor-949\">\n\t\t\t\t\t\t<section class=\"elementor-section elementor-top-section elementor-element elementor-element-d1def80 elementor-section-boxed elementor-section-height-default elementor-section-height-default\" data-id=\"d1def80\" data-element_type=\"section\">\n\t\t\t\t\t\t<div class=\"elementor-container elementor-column-gap-default\">\n\t\t\t\t\t<div class=\"elementor-column elementor-col-100 elementor-top-column elementor-element elementor-element-d53c926\" data-id=\"d53c926\" data-element_type=\"column\">\n\t\t\t<div class=\"elementor-widget-wrap elementor-element-populated\">\n\t\t\t\t\t\t<div class=\"elementor-element elementor-element-d2bdfb4 elementor-widget elementor-widget-heading\" data-id=\"d2bdfb4\" data-element_type=\"widget\" data-widget_type=\"heading.default\">\n\t\t\t\t<div class=\"elementor-widget-container\">\n\t\t\t<h2 class=\"elementor-heading-title elementor-size-default\">Legal documentation<\/h2>\t\t<\/div>\n\t\t\t\t<\/div>\n\t\t\t\t<div class=\"elementor-element elementor-element-86447eb elementor-widget elementor-widget-text-editor\" data-id=\"86447eb\" data-element_type=\"widget\" data-widget_type=\"text-editor.default\">\n\t\t\t\t<div class=\"elementor-widget-container\">\n\t\t\t\t\t\t\t<p>We prioritize compliance with all necessary legal requirements mandated by the state. This page consolidates essential information for you as a visitor or potential client.<\/p><p>If you have inquiries regarding ADR, GDPR, or any other legal aspects concerning this website, please feel free to reach out. We are committed to providing comprehensive information and ensuring your experience on our platform remains transparent and secure.<\/p><p>Thank you for visiting. We trust you will find the information provided valuable.<\/p>\t\t\t\t\t\t<\/div>\n\t\t\t\t<\/div>\n\t\t\t\t\t<\/div>\n\t\t<\/div>\n\t\t\t\t\t<\/div>\n\t\t<\/section>\n\t\t\t\t<section class=\"elementor-section elementor-top-section elementor-element elementor-element-4238be6 elementor-section-boxed elementor-section-height-default elementor-section-height-default\" data-id=\"4238be6\" data-element_type=\"section\">\n\t\t\t\t\t\t<div class=\"elementor-container elementor-column-gap-default\">\n\t\t\t\t\t<div class=\"elementor-column elementor-col-50 elementor-top-column elementor-element elementor-element-8df5032\" data-id=\"8df5032\" data-element_type=\"column\">\n\t\t\t<div class=\"elementor-widget-wrap elementor-element-populated\">\n\t\t\t\t\t\t<div class=\"elementor-element elementor-element-5e7431d elementor-align-center elementor-widget elementor-widget-button\" data-id=\"5e7431d\" data-element_type=\"widget\" data-widget_type=\"button.default\">\n\t\t\t\t<div class=\"elementor-widget-container\">\n\t\t\t\t\t<div class=\"elementor-button-wrapper\">\n\t\t\t<a class=\"elementor-button elementor-button-link elementor-size-md\" href=\"https:\/\/czechorigins.com\/cs\/adr\/\">\n\t\t\t\t\t\t<span class=\"elementor-button-content-wrapper\">\n\t\t\t\t\t\t\t\t\t<span class=\"elementor-button-text\">ADR (in Czech)<\/span>\n\t\t\t\t\t<\/span>\n\t\t\t\t\t<\/a>\n\t\t<\/div>\n\t\t\t\t<\/div>\n\t\t\t\t<\/div>\n\t\t\t\t\t<\/div>\n\t\t<\/div>\n\t\t\t\t<div class=\"elementor-column elementor-col-50 elementor-top-column elementor-element elementor-element-30e48c9\" data-id=\"30e48c9\" data-element_type=\"column\">\n\t\t\t<div class=\"elementor-widget-wrap elementor-element-populated\">\n\t\t\t\t\t\t<div class=\"elementor-element elementor-element-072746e elementor-align-center elementor-widget elementor-widget-button\" data-id=\"072746e\" data-element_type=\"widget\" data-widget_type=\"button.default\">\n\t\t\t\t<div class=\"elementor-widget-container\">\n\t\t\t\t\t<div class=\"elementor-button-wrapper\">\n\t\t\t<a class=\"elementor-button elementor-button-link elementor-size-md\" href=\"http:\/\/czechorigins.com\/wp-content\/uploads\/2023\/04\/GDPR.pdf\">\n\t\t\t\t\t\t<span class=\"elementor-button-content-wrapper\">\n\t\t\t\t\t\t\t\t\t<span class=\"elementor-button-text\">GDPR (in Czech)<\/span>\n\t\t\t\t\t<\/span>\n\t\t\t\t\t<\/a>\n\t\t<\/div>\n\t\t\t\t<\/div>\n\t\t\t\t<\/div>\n\t\t\t\t\t<\/div>\n\t\t<\/div>\n\t\t\t\t\t<\/div>\n\t\t<\/section>\n\t\t\t\t<\/div>","protected":false},"excerpt":{"rendered":"<p>Legal documentation We prioritize compliance with all necessary legal requirements mandated by the state. This page consolidates essential information for you as a visitor or potential client. If you have inquiries regarding ADR, GDPR, or any other legal aspects concerning this website, please feel free to reach out. We are committed to providing comprehensive information&hellip;&nbsp;<a href=\"https:\/\/czechorigins.com\/cs\/information-for-consumers\/\" class=\"\" rel=\"bookmark\">\u010c\u00edst d\u00e1le &raquo;<span class=\"screen-reader-text\">Information for consumers<\/span><\/a><\/p>","protected":false},"author":1,"featured_media":0,"parent":0,"menu_order":0,"comment_status":"closed","ping_status":"closed","template":"page-templates\/template-pagebuilder-full-width.php","meta":{"neve_meta_sidebar":"full-width","neve_meta_container":"","neve_meta_enable_content_width":"on","neve_meta_content_width":100,"neve_meta_title_alignment":"","neve_meta_author_avatar":"","neve_post_elements_order":"","neve_meta_disable_header":"","neve_meta_disable_footer":"","neve_meta_disable_title":"","_ti_tpc_template_sync":false,"_ti_tpc_template_id":"","footnotes":""},"yoast_head":"<!-- This site is optimized with the Yoast SEO plugin v23.0 - https:\/\/yoast.com\/wordpress\/plugins\/seo\/ -->\n<title>Information for consumers - Czechorigins<\/title>\n<meta name=\"robots\" content=\"index, follow, max-snippet:-1, max-image-preview:large, max-video-preview:-1\" \/>\n<link rel=\"canonical\" href=\"https:\/\/czechorigins.com\/cs\/information-for-consumers\/\" \/>\n<meta property=\"og:locale\" content=\"cs_CZ\" \/>\n<meta property=\"og:type\" content=\"article\" \/>\n<meta property=\"og:title\" content=\"Information for consumers - Czechorigins\" \/>\n<meta property=\"og:description\" content=\"Legal documentation We prioritize compliance with all necessary legal requirements mandated by the state. This page consolidates essential information for you as a visitor or potential client. If you have inquiries regarding ADR, GDPR, or any other legal aspects concerning this website, please feel free to reach out. We are committed to providing comprehensive information&hellip;&nbsp;\u010c\u00edst d\u00e1le &raquo;Information for consumers\" \/>\n<meta property=\"og:url\" content=\"https:\/\/czechorigins.com\/cs\/information-for-consumers\/\" \/>\n<meta property=\"og:site_name\" content=\"Czechorigins\" \/>\n<meta property=\"article:modified_time\" content=\"2024-06-15T13:17:47+00:00\" \/>\n<meta name=\"twitter:card\" content=\"summary_large_image\" \/>\n<meta name=\"twitter:label1\" content=\"Odhadovan\u00e1 doba \u010dten\u00ed\" \/>\n\t<meta name=\"twitter:data1\" content=\"1 minuta\" \/>\n<script type=\"application\/ld+json\" class=\"yoast-schema-graph\">{\"@context\":\"https:\/\/schema.org\",\"@graph\":[{\"@type\":\"WebPage\",\"@id\":\"https:\/\/czechorigins.com\/information-for-consumers\/\",\"url\":\"https:\/\/czechorigins.com\/information-for-consumers\/\",\"name\":\"Information for consumers - Czechorigins\",\"isPartOf\":{\"@id\":\"https:\/\/czechorigins.com\/#website\"},\"datePublished\":\"2021-04-28T05:49:15+00:00\",\"dateModified\":\"2024-06-15T13:17:47+00:00\",\"breadcrumb\":{\"@id\":\"https:\/\/czechorigins.com\/information-for-consumers\/#breadcrumb\"},\"inLanguage\":\"cs\",\"potentialAction\":[{\"@type\":\"ReadAction\",\"target\":[\"https:\/\/czechorigins.com\/information-for-consumers\/\"]}]},{\"@type\":\"BreadcrumbList\",\"@id\":\"https:\/\/czechorigins.com\/information-for-consumers\/#breadcrumb\",\"itemListElement\":[{\"@type\":\"ListItem\",\"position\":1,\"name\":\"Home\",\"item\":\"https:\/\/czechorigins.com\/\"},{\"@type\":\"ListItem\",\"position\":2,\"name\":\"Information for consumers\"}]},{\"@type\":\"WebSite\",\"@id\":\"https:\/\/czechorigins.com\/#website\",\"url\":\"https:\/\/czechorigins.com\/\",\"name\":\"Czechorigins\",\"description\":\"Discover your czech heritage\",\"publisher\":{\"@id\":\"https:\/\/czechorigins.com\/#organization\"},\"potentialAction\":[{\"@type\":\"SearchAction\",\"target\":{\"@type\":\"EntryPoint\",\"urlTemplate\":\"https:\/\/czechorigins.com\/?s={search_term_string}\"},\"query-input\":\"required name=search_term_string\"}],\"inLanguage\":\"cs\"},{\"@type\":\"Organization\",\"@id\":\"https:\/\/czechorigins.com\/#organization\",\"name\":\"Czechorigins\",\"url\":\"https:\/\/czechorigins.com\/\",\"logo\":{\"@type\":\"ImageObject\",\"inLanguage\":\"cs\",\"@id\":\"https:\/\/czechorigins.com\/#\/schema\/logo\/image\/\",\"url\":\"http:\/\/czechorigins.com\/wp-content\/uploads\/2021\/07\/cezchorigins.jpg\",\"contentUrl\":\"http:\/\/czechorigins.com\/wp-content\/uploads\/2021\/07\/cezchorigins.jpg\",\"width\":819,\"height\":819,\"caption\":\"Czechorigins\"},\"image\":{\"@id\":\"https:\/\/czechorigins.com\/#\/schema\/logo\/image\/\"}}]}<\/script>\n<!-- \/ Yoast SEO plugin. -->","yoast_head_json":{"title":"Information for consumers - Czechorigins","robots":{"index":"index","follow":"follow","max-snippet":"max-snippet:-1","max-image-preview":"max-image-preview:large","max-video-preview":"max-video-preview:-1"},"canonical":"https:\/\/czechorigins.com\/cs\/information-for-consumers\/","og_locale":"cs_CZ","og_type":"article","og_title":"Information for consumers - Czechorigins","og_description":"Legal documentation We prioritize compliance with all necessary legal requirements mandated by the state. This page consolidates essential information for you as a visitor or potential client. If you have inquiries regarding ADR, GDPR, or any other legal aspects concerning this website, please feel free to reach out. We are committed to providing comprehensive information&hellip;&nbsp;\u010c\u00edst d\u00e1le &raquo;Information for consumers","og_url":"https:\/\/czechorigins.com\/cs\/information-for-consumers\/","og_site_name":"Czechorigins","article_modified_time":"2024-06-15T13:17:47+00:00","twitter_card":"summary_large_image","twitter_misc":{"Odhadovan\u00e1 doba \u010dten\u00ed":"1 minuta"},"schema":{"@context":"https:\/\/schema.org","@graph":[{"@type":"WebPage","@id":"https:\/\/czechorigins.com\/information-for-consumers\/","url":"https:\/\/czechorigins.com\/information-for-consumers\/","name":"Information for consumers - Czechorigins","isPartOf":{"@id":"https:\/\/czechorigins.com\/#website"},"datePublished":"2021-04-28T05:49:15+00:00","dateModified":"2024-06-15T13:17:47+00:00","breadcrumb":{"@id":"https:\/\/czechorigins.com\/information-for-consumers\/#breadcrumb"},"inLanguage":"cs","potentialAction":[{"@type":"ReadAction","target":["https:\/\/czechorigins.com\/information-for-consumers\/"]}]},{"@type":"BreadcrumbList","@id":"https:\/\/czechorigins.com\/information-for-consumers\/#breadcrumb","itemListElement":[{"@type":"ListItem","position":1,"name":"Home","item":"https:\/\/czechorigins.com\/"},{"@type":"ListItem","position":2,"name":"Information for consumers"}]},{"@type":"WebSite","@id":"https:\/\/czechorigins.com\/#website","url":"https:\/\/czechorigins.com\/","name":"Czechorigins","description":"Discover your czech heritage","publisher":{"@id":"https:\/\/czechorigins.com\/#organization"},"potentialAction":[{"@type":"SearchAction","target":{"@type":"EntryPoint","urlTemplate":"https:\/\/czechorigins.com\/?s={search_term_string}"},"query-input":"required name=search_term_string"}],"inLanguage":"cs"},{"@type":"Organization","@id":"https:\/\/czechorigins.com\/#organization","name":"Czechorigins","url":"https:\/\/czechorigins.com\/","logo":{"@type":"ImageObject","inLanguage":"cs","@id":"https:\/\/czechorigins.com\/#\/schema\/logo\/image\/","url":"http:\/\/czechorigins.com\/wp-content\/uploads\/2021\/07\/cezchorigins.jpg","contentUrl":"http:\/\/czechorigins.com\/wp-content\/uploads\/2021\/07\/cezchorigins.jpg","width":819,"height":819,"caption":"Czechorigins"},"image":{"@id":"https:\/\/czechorigins.com\/#\/schema\/logo\/image\/"}}]}},"_links":{"self":[{"href":"https:\/\/czechorigins.com\/cs\/wp-json\/wp\/v2\/pages\/949"}],"collection":[{"href":"https:\/\/czechorigins.com\/cs\/wp-json\/wp\/v2\/pages"}],"about":[{"href":"https:\/\/czechorigins.com\/cs\/wp-json\/wp\/v2\/types\/page"}],"author":[{"embeddable":true,"href":"https:\/\/czechorigins.com\/cs\/wp-json\/wp\/v2\/users\/1"}],"replies":[{"embeddable":true,"href":"https:\/\/czechorigins.com\/cs\/wp-json\/wp\/v2\/comments?post=949"}],"version-history":[{"count":10,"href":"https:\/\/czechorigins.com\/cs\/wp-json\/wp\/v2\/pages\/949\/revisions"}],"predecessor-version":[{"id":987,"href":"https:\/\/czechorigins.com\/cs\/wp-json\/wp\/v2\/pages\/949\/revisions\/987"}],"wp:attachment":[{"href":"https:\/\/czechorigins.com\/cs\/wp-json\/wp\/v2\/media?parent=949"}],"curies":[{"name":"wp","href":"https:\/\/api.w.org\/{rel}","templated":true}]}}